{"id":867,"date":"2023-12-16T09:39:17","date_gmt":"2023-12-16T09:39:17","guid":{"rendered":"https:\/\/masajemilagroso.com\/tienda\/?post_type=product&#038;p=867"},"modified":"2025-04-21T08:02:22","modified_gmt":"2025-04-21T08:02:22","slug":"tarjeta-de-regalo-diseno-versatil","status":"publish","type":"product","link":"https:\/\/masajemilagroso.com\/tienda\/product\/tarjeta-de-regalo-diseno-versatil\/","title":{"rendered":"Tarjeta de Regalo Dise\u00f1o Nuevo 2023 y 2024. Vers\u00e1til y Apropiada para Todas las Ocasiones. (F\u00edsica o Digital)."},"content":{"rendered":"<div class=\"flex flex-grow flex-col max-w-full\">\n<div class=\"min-h-[20px] text-message flex flex-col items-start gap-3 whitespace-pre-wrap break-words [.text-message+&amp;]:mt-5 overflow-x-auto\" data-message-author-role=\"assistant\" data-message-id=\"0987bc37-ec7e-4ce9-9e23-0d48f63895b9\">\n<div class=\"markdown prose w-full break-words dark:prose-invert dark\">\n<div class=\"flex flex-grow flex-col max-w-full\">\n<div class=\"min-h-[20px] text-message flex flex-col items-start gap-3 whitespace-pre-wrap break-words [.text-message+&amp;]:mt-5 overflow-x-auto\" data-message-author-role=\"assistant\" data-message-id=\"bc55fd5a-f314-4c78-ac30-78c75298de8f\">\n<div class=\"markdown prose w-full break-words dark:prose-invert dark\">\n<h2>Masaje Milagroso&#8217;s Tarjeta de Regalo para el Spa, disponible en formatos digital y f\u00edsico<\/h2>\n<div class=\"flex flex-grow flex-col max-w-full\">\n<div class=\"min-h-[20px] text-message flex flex-col items-start gap-3 whitespace-pre-wrap break-words [.text-message+&amp;]:mt-5 overflow-x-auto\" data-message-author-role=\"assistant\" data-message-id=\"384c9826-850b-4ffb-ad0a-3b8768f4ff91\">\n<div class=\"markdown prose w-full break-words dark:prose-invert dark\">\n<div class=\"flex flex-grow flex-col max-w-full\">\n<div class=\"min-h-[20px] text-message flex flex-col items-start gap-3 whitespace-pre-wrap break-words [.text-message+&amp;]:mt-5 overflow-x-auto\" data-message-author-role=\"assistant\" data-message-id=\"3fe730ff-b09f-4970-9eec-f6eb39bce2c3\">\n<div class=\"markdown prose w-full break-words dark:prose-invert dark\">\n<p><strong>Versatilidad<\/strong>: La tarjeta de regalo es aplicable para una variedad de masajes y horas.<\/p>\n<p><strong>Conveniencia<\/strong>: Elige entre una tarjeta f\u00edsica para recoger o una tarjeta virtual enviada directamente a tu correo electr\u00f3nico.<\/p>\n<p><strong>Personalizaci\u00f3n<\/strong>: Utiliza la secci\u00f3n de notas para proporcionar instrucciones espec\u00edficas sobre las preferencias de entrega.<\/p>\n<p><strong>Flexibilidad<\/strong>: Sin restricciones en la elecci\u00f3n del estilo de masaje o ubicaci\u00f3n.<\/p>\n<p><strong>Sin Caducidad<\/strong>: Disfruta de la libertad para usar la tarjeta seg\u00fan tu conveniencia sin fecha de vencimiento.<\/p>\n<p><strong>Comunicaci\u00f3n F\u00e1cil<\/strong>: Ll\u00e1manos al 6645353558 para proporcionar instrucciones o hacer cualquier pregunta sobre tu tarjeta de regalo.<\/p>\n<\/div>\n<\/div>\n<\/div>\n<\/div>\n<\/div>\n<\/div>\n<h3>Flexibilidad de relajarse en nuestras ubicaciones de spa en Tijuana Zona R\u00edo o Playas de Tijuana.<\/h3>\n<p>La tarjeta es resistente y m\u00e1s gruesa que una tarjeta de cr\u00e9dito promedio, ofreciendo un regalo considerado y atractivo.\u00a0 La imagen en la foto representa el dise\u00f1o real de la tarjeta.<\/p>\n<p>Un valor fundamental de Masaje Milagroso Spa de D\u00eda es asegurarnos de que los clientes reciban el masaje que realmente desean. Por esa raz\u00f3n, hemos simplificado los precios, lo que significa que<strong> el precio del masaje es el mismo para todos los estilos y solo var\u00eda seg\u00fan la duraci\u00f3n que elijas<\/strong>. El precio no es un factor al decidir si deseas un masaje relajante, de tejido profundo, linf\u00e1tico o cualquier otro estilo. Todos tienen el mismo precio: Por esta raz\u00f3n, la \u00fanica elecci\u00f3n que debe hacer es la duraci\u00f3n del masaje que desea en la tarjeta de regalo.<\/p>\n<h2><strong>Masaje de 30 Minutos <\/strong><\/h2>\n<h3><strong>$600MXN<\/strong><\/h3>\n<h4><\/h4>\n<h2><strong>Masaje de 60 Minuto<\/strong><\/h2>\n<h3><strong>$800MXN<\/strong><\/h3>\n<h4><\/h4>\n<h2><strong>Masaje de <\/strong><strong>90 Minutos <\/strong><\/h2>\n<h3><strong>$1200MXN<\/strong><\/h3>\n<h4><\/h4>\n<h2><strong>Masaje de 120 Minutos<\/strong><\/h2>\n<h3><strong>$1600MXN<br \/>\n<\/strong><\/h3>\n<\/div>\n<\/div>\n<\/div>\n<\/div>\n<h4>Membresias &#8211;<\/h4>\n<div class=\"flex flex-grow flex-col max-w-full\">\n<div class=\"min-h-[20px] text-message flex flex-col items-start gap-3 whitespace-pre-wrap break-words [.text-message+&amp;]:mt-5 overflow-x-auto\" data-message-author-role=\"assistant\" data-message-id=\"104e9058-d1c1-4cdd-84da-161b44c89cc8\">\n<div class=\"markdown prose w-full break-words dark:prose-invert dark\">\n<p>Las membres\u00edas son una forma elegante de referirse a un paquete de masajes, ya que ofrecemos descuentos a aquellos que compran en cantidad. Las membres\u00edas siempre te permiten elegir cualquier estilo de masaje y visitar cualquiera de nuestras ubicaciones. No hay fecha de vencimiento, no hay facturaci\u00f3n recurrente, no es necesario cancelar y, por supuesto, \u00a1grandes descuentos al comprar en cantidad! Las membres\u00edas son un pago \u00fanico para 4 u 8 horas de masaje. Tenemos un resumen breve de cada membres\u00eda. Si deseas utilizar las horas entre dos personas, la mejor opci\u00f3n es Conjunto, ya que en las membres\u00edas est\u00e1ndar y 2&#215;1 solo se registra un nombre. La membres\u00eda Conjunto permite registrar dos nombres.<\/p>\n<\/div>\n<\/div>\n<\/div>\n<h4><\/h4>\n<div class=\"markdown prose w-full break-words dark:prose-invert dark\">\n<div class=\"flex flex-grow flex-col max-w-full\">\n<div class=\"min-h-[20px] text-message flex flex-col items-start gap-3 whitespace-pre-wrap break-words [.text-message+&amp;]:mt-5 overflow-x-auto\" data-message-author-role=\"assistant\" data-message-id=\"bc55fd5a-f314-4c78-ac30-78c75298de8f\">\n<div class=\"markdown prose w-full break-words dark:prose-invert dark\">\n<div class=\"flex flex-grow flex-col max-w-full\">\n<div class=\"min-h-[20px] text-message flex flex-col items-start gap-3 whitespace-pre-wrap break-words [.text-message+&amp;]:mt-5 overflow-x-auto\" data-message-author-role=\"assistant\" data-message-id=\"4dcaa5b7-91cf-41c9-ad54-831e2c854f88\">\n<div class=\"markdown prose w-full break-words dark:prose-invert dark\">\n<h2><strong>4 Horas de Masaje\u00a0<\/strong><\/h2>\n<p><strong> Membresia General<\/strong><strong> $2000 MXN\u00a0 <\/strong>Cualquier Estilo De Masaje.\u00a0 Cualquier D\u00eda, Hora, Sucursal.<\/p>\n<p>Uso Individual. Caduca a los 18 meses de la Compra.\u00a0 Precio cada hora de masaje es <strong>$25.00 USD | $500 MXN.<\/strong><\/p>\n<p>&nbsp;<\/p>\n<h2><strong>8 Horas de Masaje &#8211; Membres\u00eda Conjunto &#8211; $3700 MXN<br \/>\n<\/strong><\/h2>\n<\/div>\n<div class=\"markdown prose w-full break-words dark:prose-invert dark\">\n<p>Nueva Membres\u00eda para Registrados con dos nombres.<\/p>\n<p>Perfecto para dar masajes a amigos, c\u00f3nyuges y familiares. Todos los beneficios de la Membres\u00eda individual y con el doble de valor.<\/p>\n<p>Contiene <strong>8 horas de masaje.<\/strong> La Persona 1 y la Persona 2 pueden usar horas en cualquier incremento y no hay reglas sobre c\u00f3mo deben dividirse las horas entre las dos personas.<\/p>\n<p>Precio cada hora de masaje es <strong>$23 USD | $460 MXN<\/strong> y 2 personas pueden usar.<\/p>\n<p>&nbsp;<\/p>\n<h3><strong>Membres\u00eda 2&#215;1 -4 a 8 Horas de Masaje; depende si los usas en d\u00edas 2&#215;1 &#8211; <\/strong><strong>$2600 MXN<\/strong><\/h3>\n<p>Todos los beneficios de la Membres\u00eda Individual. Cualquier d\u00eda, Cualquier hora, cualquier sucursal, cualquier estilo de masaje.<\/p>\n<p>Beneficio adicional de permitir la participaci\u00f3n en la Promoci\u00f3n 2&#215;1 mi\u00e9rcoles y domingo.<\/p>\n<p>Precio cada hora de masaje es <strong>$16.25 a $32.50 | $330 MXN a $660 MXN.<\/strong><\/p>\n<\/div>\n<\/div>\n<\/div>\n<\/div>\n<\/div>\n<\/div>\n<\/div>\n<\/div>\n<\/div>\n","protected":false},"excerpt":{"rendered":"<p>Nuestra Tarjeta de Regalo para el Spa, disponible en formatos digital y f\u00edsico, es una indulgencia vers\u00e1til para cualquiera, brindando la flexibilidad de relajarse en nuestras ubicaciones de spa en Tijuana Zona R\u00edo o Playas.<\/p>\n<p>La tarjeta es resistente y m\u00e1s gruesa que una tarjeta de cr\u00e9dito promedio, ofreciendo un regalo considerado y atractivo.<\/p>\n<p>No tiene fecha de vencimiento, proporcionando la libertad de disfrutar de una escapada rejuvenecedora seg\u00fan tu conveniencia. La imagen en la foto representa el dise\u00f1o real de la tarjeta.<\/p>\n<p>Un valor fundamental de Masaje Milagroso Spa de D\u00eda es asegurarnos de que los clientes reciban el masaje que realmente desean.<\/p>\n<div class=\"flex flex-grow flex-col max-w-full\">\n<div class=\"min-h-[20px] text-message flex flex-col items-start gap-3 whitespace-pre-wrap break-words [.text-message+&amp;]:mt-5 overflow-x-auto\" data-message-author-role=\"assistant\" data-message-id=\"9638d59c-69fa-446b-bdac-4ada059c9733\">\n<div class=\"markdown prose w-full break-words dark:prose-invert dark\">\n<p>Durante el proceso de pago, en la secci\u00f3n de notas, puedes proporcionarnos instrucciones espec\u00edficas: si deseas recibir una Tarjeta Virtual en tu correo electr\u00f3nico o una Tarjeta F\u00edsica que se recoger\u00e1 en cualquiera de nuestras ubicaciones. Tambi\u00e9n puedes llamarnos para brindarnos instrucciones al 6645353558.<\/p>\n<\/div>\n<\/div>\n<\/div>\n<p>&nbsp;<\/p>\n","protected":false},"featured_media":868,"comment_status":"open","ping_status":"closed","template":"","meta":{"site-sidebar-layout":"default","site-content-layout":"","ast-site-content-layout":"default","site-content-style":"default","site-sidebar-style":"default","ast-global-header-display":"","ast-banner-title-visibility":"","ast-main-header-display":"","ast-hfb-above-header-display":"","ast-hfb-below-header-display":"","ast-hfb-mobile-header-display":"","site-post-title":"","ast-breadcrumbs-content":"","ast-featured-img":"","footer-sml-layout":"","ast-disable-related-posts":"","theme-transparent-header-meta":"default","adv-header-id-meta":"","stick-header-meta":"","header-above-stick-meta":"","header-main-stick-meta":"","header-below-stick-meta":"","astra-migrate-meta-layouts":"set","ast-page-background-enabled":"default","ast-page-background-meta":{"desktop":{"background-color":"","background-image":"","background-repeat":"repeat","background-position":"center center","background-size":"auto","background-attachment":"scroll","background-type":"","background-media":"","overlay-type":"","overlay-color":"","overlay-opacity":"","overlay-gradient":""},"tablet":{"background-color":"","background-image":"","background-repeat":"repeat","background-position":"center center","background-size":"auto","background-attachment":"scroll","background-type":"","background-media":"","overlay-type":"","overlay-color":"","overlay-opacity":"","overlay-gradient":""},"mobile":{"background-color":"","background-image":"","background-repeat":"repeat","background-position":"center center","background-size":"auto","background-attachment":"scroll","background-type":"","background-media":"","overlay-type":"","overlay-color":"","overlay-opacity":"","overlay-gradient":""}},"ast-content-background-meta":{"desktop":{"background-color":"var(--ast-global-color-5)","background-image":"","background-repeat":"repeat","background-position":"center center","background-size":"auto","background-attachment":"scroll","background-type":"","background-media":"","overlay-type":"","overlay-color":"","overlay-opacity":"","overlay-gradient":""},"tablet":{"background-color":"var(--ast-global-color-5)","background-image":"","background-repeat":"repeat","background-position":"center center","background-size":"auto","background-attachment":"scroll","background-type":"","background-media":"","overlay-type":"","overlay-color":"","overlay-opacity":"","overlay-gradient":""},"mobile":{"background-color":"var(--ast-global-color-5)","background-image":"","background-repeat":"repeat","background-position":"center center","background-size":"auto","background-attachment":"scroll","background-type":"","background-media":"","overlay-type":"","overlay-color":"","overlay-opacity":"","overlay-gradient":""}}},"product_brand":[],"product_cat":[35],"product_tag":[],"class_list":{"0":"post-867","1":"product","2":"type-product","3":"status-publish","4":"has-post-thumbnail","6":"product_cat-giftcards","7":"desktop-align-left","8":"tablet-align-left","9":"mobile-align-left","11":"first","12":"instock","13":"featured","14":"shipping-taxable","15":"purchasable","16":"product-type-variable"},"_links":{"self":[{"href":"https:\/\/masajemilagroso.com\/tienda\/wp-json\/wp\/v2\/product\/867","targetHints":{"allow":["GET"]}}],"collection":[{"href":"https:\/\/masajemilagroso.com\/tienda\/wp-json\/wp\/v2\/product"}],"about":[{"href":"https:\/\/masajemilagroso.com\/tienda\/wp-json\/wp\/v2\/types\/product"}],"replies":[{"embeddable":true,"href":"https:\/\/masajemilagroso.com\/tienda\/wp-json\/wp\/v2\/comments?post=867"}],"version-history":[{"count":6,"href":"https:\/\/masajemilagroso.com\/tienda\/wp-json\/wp\/v2\/product\/867\/revisions"}],"predecessor-version":[{"id":881,"href":"https:\/\/masajemilagroso.com\/tienda\/wp-json\/wp\/v2\/product\/867\/revisions\/881"}],"wp:featuredmedia":[{"embeddable":true,"href":"https:\/\/masajemilagroso.com\/tienda\/wp-json\/wp\/v2\/media\/868"}],"wp:attachment":[{"href":"https:\/\/masajemilagroso.com\/tienda\/wp-json\/wp\/v2\/media?parent=867"}],"wp:term":[{"taxonomy":"product_brand","embeddable":true,"href":"https:\/\/masajemilagroso.com\/tienda\/wp-json\/wp\/v2\/product_brand?post=867"},{"taxonomy":"product_cat","embeddable":true,"href":"https:\/\/masajemilagroso.com\/tienda\/wp-json\/wp\/v2\/product_cat?post=867"},{"taxonomy":"product_tag","embeddable":true,"href":"https:\/\/masajemilagroso.com\/tienda\/wp-json\/wp\/v2\/product_tag?post=867"}],"curies":[{"name":"wp","href":"https:\/\/api.w.org\/{rel}","templated":true}]}}