{"id":835,"date":"2023-05-10T03:00:23","date_gmt":"2023-05-10T03:00:23","guid":{"rendered":"https:\/\/masajemilagroso.com\/tienda\/?post_type=product&#038;p=835"},"modified":"2025-09-05T12:18:18","modified_gmt":"2025-09-05T12:18:18","slug":"dia-de-la-madre-en-tijuana-certificado-o-tarjeta-de-regalo","status":"publish","type":"product","link":"https:\/\/masajemilagroso.com\/tienda\/product\/dia-de-la-madre-en-tijuana-certificado-o-tarjeta-de-regalo\/","title":{"rendered":"D\u00eda de la Madre en Tijuana Certificado o Tarjeta de Regalo"},"content":{"rendered":"<div class=\"\" data-block=\"true\" data-editor=\"8gqos\" data-offset-key=\"de5v6-0-0\">\n<div class=\"_1mf _1mj\" data-offset-key=\"de5v6-0-0\"><span data-offset-key=\"de5v6-0-0\"><strong><img fetchpriority=\"high\" decoding=\"async\" class=\"alignnone size-medium wp-image-841\" src=\"https:\/\/masajemilagroso.com\/tienda\/wp-content\/uploads\/2023\/05\/Dia-de-la-Madre-300x200.png\" alt=\"\" width=\"300\" height=\"200\" srcset=\"https:\/\/masajemilagroso.com\/tienda\/wp-content\/uploads\/2023\/05\/Dia-de-la-Madre-300x200.png 300w, https:\/\/masajemilagroso.com\/tienda\/wp-content\/uploads\/2023\/05\/Dia-de-la-Madre-768x512.png 768w, https:\/\/masajemilagroso.com\/tienda\/wp-content\/uploads\/2023\/05\/Dia-de-la-Madre-600x400.png 600w, https:\/\/masajemilagroso.com\/tienda\/wp-content\/uploads\/2023\/05\/Dia-de-la-Madre.png 980w\" sizes=\"(max-width: 300px) 100vw, 300px\" \/><br \/>\n\u2b50Relajaci\u00f3n Esencial Tijuana Paquete para D\u00eda de las Madre 2023.<\/strong> <\/span><\/div>\n<\/div>\n<div class=\"\" data-block=\"true\" data-editor=\"8gqos\" data-offset-key=\"8ln6f-0-0\">\n<ul>\n<li class=\"_1mf _1mj\" data-offset-key=\"8ln6f-0-0\"><span data-offset-key=\"8ln6f-0-0\"> Masaje de 1 hora + Aromaterapia: Precio: 800 MXN | Duraci\u00f3n: 65 minutos <\/span><\/li>\n<\/ul>\n<\/div>\n<div class=\"\" data-block=\"true\" data-editor=\"8gqos\" data-offset-key=\"ers5q-0-0\">\n<ul>\n<li class=\"_1mf _1mj\" data-offset-key=\"ers5q-0-0\"><span data-offset-key=\"ers5q-0-0\">\u00a0Masaje de 1 hora a su elecci\u00f3n entre: Masaje Relajante, Masaje Sueco, Masaje Tejido Profundo, Masaje Deportivo, Masaje Drenaje Linf\u00e1tico,Masaje Reductivo, Masaje Descontracturante.<\/span><\/li>\n<li class=\"_1mf _1mj\" data-offset-key=\"ers5q-0-0\"><span data-offset-key=\"6lmni-0-0\">Sesion de Aroma-terapia: 5 minutos de respiraci\u00f3n profunda acompa\u00f1ada de refrescantes opciones de aceites esenciales a elegir entre mandarina, lavanda o menta. <\/span><\/li>\n<\/ul>\n<\/div>\n<div class=\"\" data-block=\"true\" data-editor=\"8gqos\" data-offset-key=\"4kuef-0-0\">\n<div class=\"_1mf _1mj\" data-offset-key=\"4kuef-0-0\" data-auto-logging-id=\"f1c9b1ae554fa0c\"><span data-offset-key=\"4kuef-0-0\">\u00a0<\/span><\/div>\n<\/div>\n<div class=\"\" data-block=\"true\" data-editor=\"8gqos\" data-offset-key=\"8jhe5-0-0\">\n<div class=\"_1mf _1mj\" data-offset-key=\"8jhe5-0-0\"><span data-offset-key=\"8jhe5-0-0\">\u00a0<\/span><\/div>\n<\/div>\n<div class=\"\" data-block=\"true\" data-editor=\"8gqos\" data-offset-key=\"ekd-0-0\">\n<div class=\"_1mf _1mj\" data-offset-key=\"ekd-0-0\"><span data-offset-key=\"ekd-0-0\"><strong>\u2b50Relajaci\u00f3n Opulencia: Paquete o Tarjeta de Regalo para Dia de las Madre 2023<\/strong> <\/span><\/div>\n<\/div>\n<div class=\"\" data-block=\"true\" data-editor=\"8gqos\" data-offset-key=\"gd3e-0-0\">\n<div class=\"_1mf _1mj\" data-offset-key=\"gd3e-0-0\" data-auto-logging-id=\"f7e0d069f968c8\"><span data-offset-key=\"gd3e-0-0\"> Masaje + Aromaterapia + Exfoliacion + Piedras Caliente: $1500 MXN | Duraci\u00f3n: 1 hora, 50 minutos.<\/span><\/div>\n<\/div>\n<div class=\"\" data-block=\"true\" data-editor=\"8gqos\" data-offset-key=\"pd29-0-0\">\n<ul>\n<li><span data-offset-key=\"pd29-0-0\">\u00a0Masaje de 1 hora a su elecci\u00f3n: 10 estilos de masaje para elegir en Masaje Milagroso Spa.<\/span><\/li>\n<li class=\"_1mf _1mj\" data-offset-key=\"93l9f-0-0\"><span data-offset-key=\"93l9f-0-0\">Sesion de Aroma-terapia: 5 minutos de respiraci\u00f3n profunda acompa\u00f1ada de deliciosas opciones de aceites esenciales a elegir entre mandarina, lavanda o menta.<\/span><\/li>\n<li class=\"_1mf _1mj\" data-offset-key=\"93l9f-0-0\"><span data-offset-key=\"8spql-0-0\">Exfoliacion corporal: 25 minutos: aplicaci\u00f3n de exfoliante corporal hecho a base de sales de mar para eliminar impurezas y lucir una piel m\u00e1s sana y radiante.<\/span><\/li>\n<li class=\"_1mf _1mj\" data-offset-key=\"93l9f-0-0\"><span data-offset-key=\"9d3ka-0-0\"> Sesion de piedras calientes: 20 minutos: colocamos piedras a temperatura calidad en diferentes puntos para relajar y disminuir la tensi\u00f3n de los m\u00fasculos. <\/span><\/li>\n<\/ul>\n<\/div>\n<div class=\"\" data-block=\"true\" data-editor=\"8gqos\" data-offset-key=\"9e1vm-0-0\">\n<div class=\"_1mf _1mj\" data-offset-key=\"9e1vm-0-0\"><span data-offset-key=\"9e1vm-0-0\">\u00a0<\/span><\/div>\n<\/div>\n<div class=\"\" data-block=\"true\" data-editor=\"8gqos\" data-offset-key=\"468n-0-0\">\n<div class=\"_1mf _1mj\" data-offset-key=\"468n-0-0\" data-auto-logging-id=\"f4b6d927b540fc\"><span data-offset-key=\"468n-0-0\"><strong>\u2b50Relajaci\u00f3n Milagroso: Paquete y Tarjeta de Regalo de Spa y Masaje Dia de las Madre 2023.<\/strong> <\/span><\/div>\n<\/div>\n<div class=\"\" data-block=\"true\" data-editor=\"8gqos\" data-offset-key=\"6ak0t-0-0\">\n<div class=\"_1mf _1mj\" data-offset-key=\"6ak0t-0-0\" data-auto-logging-id=\"f1d51aa9ef8d5fc\"><span data-offset-key=\"6ak0t-0-0\">Masaje con 4 manos (1 Hora) + Piedras calientes (25 minutos) + Exfoliacion (20 Minutos) + Mascarilla (50 Minutos) + Sauna (30 Minutos): $3600 MXN | Duraci\u00f3n : 3 horas, 10 minutos. <\/span><\/div>\n<\/div>\n","protected":false},"excerpt":{"rendered":"<p>\u2b50Relajaci\u00f3n Esencial Tijuana Paquete para D\u00eda de las Madre 2023. Masaje de 1 hora + Aromaterapia: Precio: 800 MXN | Duraci\u00f3n: 65 minutos \u00a0Masaje de 1 hora a su elecci\u00f3n entre: Masaje Relajante, Masaje Sueco, Masaje Tejido Profundo, Masaje Deportivo, Masaje Drenaje Linf\u00e1tico,Masaje Reductivo, Masaje Descontracturante. Sesion de Aroma-terapia: 5 minutos de respiraci\u00f3n profunda acompa\u00f1ada [&hellip;]<\/p>\n","protected":false},"featured_media":841,"comment_status":"open","ping_status":"closed","template":"","meta":{"site-sidebar-layout":"default","site-content-layout":"default","ast-site-content-layout":"default","site-content-style":"default","site-sidebar-style":"default","ast-global-header-display":"","ast-banner-title-visibility":"","ast-main-header-display":"","ast-hfb-above-header-display":"","ast-hfb-below-header-display":"","ast-hfb-mobile-header-display":"","site-post-title":"","ast-breadcrumbs-content":"","ast-featured-img":"","footer-sml-layout":"","ast-disable-related-posts":"","theme-transparent-header-meta":"default","adv-header-id-meta":"","stick-header-meta":"","header-above-stick-meta":"","header-main-stick-meta":"","header-below-stick-meta":"","astra-migrate-meta-layouts":"default","ast-page-background-enabled":"default","ast-page-background-meta":{"desktop":{"background-color":"","background-image":"","background-repeat":"repeat","background-position":"center center","background-size":"auto","background-attachment":"scroll","background-type":"","background-media":"","overlay-type":"","overlay-color":"","overlay-opacity":"","overlay-gradient":""},"tablet":{"background-color":"","background-image":"","background-repeat":"repeat","background-position":"center center","background-size":"auto","background-attachment":"scroll","background-type":"","background-media":"","overlay-type":"","overlay-color":"","overlay-opacity":"","overlay-gradient":""},"mobile":{"background-color":"","background-image":"","background-repeat":"repeat","background-position":"center center","background-size":"auto","background-attachment":"scroll","background-type":"","background-media":"","overlay-type":"","overlay-color":"","overlay-opacity":"","overlay-gradient":""}},"ast-content-background-meta":{"desktop":{"background-color":"var(--ast-global-color-5)","background-image":"","background-repeat":"repeat","background-position":"center center","background-size":"auto","background-attachment":"scroll","background-type":"","background-media":"","overlay-type":"","overlay-color":"","overlay-opacity":"","overlay-gradient":""},"tablet":{"background-color":"var(--ast-global-color-5)","background-image":"","background-repeat":"repeat","background-position":"center center","background-size":"auto","background-attachment":"scroll","background-type":"","background-media":"","overlay-type":"","overlay-color":"","overlay-opacity":"","overlay-gradient":""},"mobile":{"background-color":"var(--ast-global-color-5)","background-image":"","background-repeat":"repeat","background-position":"center center","background-size":"auto","background-attachment":"scroll","background-type":"","background-media":"","overlay-type":"","overlay-color":"","overlay-opacity":"","overlay-gradient":""}}},"product_brand":[],"product_cat":[35],"product_tag":[],"class_list":{"0":"post-835","1":"product","2":"type-product","3":"status-publish","4":"has-post-thumbnail","6":"product_cat-giftcards","7":"desktop-align-left","8":"tablet-align-left","9":"mobile-align-left","11":"first","12":"instock","13":"shipping-taxable","14":"purchasable","15":"product-type-variable"},"_links":{"self":[{"href":"https:\/\/masajemilagroso.com\/tienda\/wp-json\/wp\/v2\/product\/835","targetHints":{"allow":["GET"]}}],"collection":[{"href":"https:\/\/masajemilagroso.com\/tienda\/wp-json\/wp\/v2\/product"}],"about":[{"href":"https:\/\/masajemilagroso.com\/tienda\/wp-json\/wp\/v2\/types\/product"}],"replies":[{"embeddable":true,"href":"https:\/\/masajemilagroso.com\/tienda\/wp-json\/wp\/v2\/comments?post=835"}],"version-history":[{"count":4,"href":"https:\/\/masajemilagroso.com\/tienda\/wp-json\/wp\/v2\/product\/835\/revisions"}],"predecessor-version":[{"id":858,"href":"https:\/\/masajemilagroso.com\/tienda\/wp-json\/wp\/v2\/product\/835\/revisions\/858"}],"wp:featuredmedia":[{"embeddable":true,"href":"https:\/\/masajemilagroso.com\/tienda\/wp-json\/wp\/v2\/media\/841"}],"wp:attachment":[{"href":"https:\/\/masajemilagroso.com\/tienda\/wp-json\/wp\/v2\/media?parent=835"}],"wp:term":[{"taxonomy":"product_brand","embeddable":true,"href":"https:\/\/masajemilagroso.com\/tienda\/wp-json\/wp\/v2\/product_brand?post=835"},{"taxonomy":"product_cat","embeddable":true,"href":"https:\/\/masajemilagroso.com\/tienda\/wp-json\/wp\/v2\/product_cat?post=835"},{"taxonomy":"product_tag","embeddable":true,"href":"https:\/\/masajemilagroso.com\/tienda\/wp-json\/wp\/v2\/product_tag?post=835"}],"curies":[{"name":"wp","href":"https:\/\/api.w.org\/{rel}","templated":true}]}}