{"id":273,"date":"2019-01-21T06:13:59","date_gmt":"2019-01-21T06:13:59","guid":{"rendered":"https:\/\/websitedemos.net\/outdoor-adventure-02\/?page_id=273"},"modified":"2023-06-25T06:29:29","modified_gmt":"2023-06-25T06:29:29","slug":"blog","status":"publish","type":"page","link":"https:\/\/masajemilagroso.com\/blog\/","title":{"rendered":"Blog de Masaje Milagroso Spa en Tijuana"},"content":{"rendered":"\n<div class=\"wp-block-query is-layout-flow wp-block-query-is-layout-flow\"><ul class=\"wp-block-post-template is-layout-flow wp-block-post-template-is-layout-flow\"><li class=\"wp-block-post post-617 post type-post status-publish format-standard has-post-thumbnail hentry category-cabello-servicios-en-tijuana\">\n<h2 class=\"wp-block-post-title\"><a href=\"https:\/\/masajemilagroso.com\/blog\/salon-de-belleza-en-tijuana\/\" target=\"_self\" >Sal\u00f3n de Belleza en Tijuana<\/a><\/h2>\n\n<figure class=\"alignwide wp-block-post-featured-image\"><a href=\"https:\/\/masajemilagroso.com\/blog\/salon-de-belleza-en-tijuana\/\" target=\"_self\"  ><img fetchpriority=\"high\" decoding=\"async\" width=\"2560\" height=\"1707\" src=\"https:\/\/masajemilagroso.com\/blog\/wp-content\/uploads\/2023\/06\/PenaidoEstetica-starting-at-500mxn-look-good-for-any-event-scaled.jpg\" class=\"attachment-post-thumbnail size-post-thumbnail wp-post-image\" alt=\"Sal\u00f3n de Belleza en Tijuana\" style=\"object-fit:cover;\" srcset=\"https:\/\/masajemilagroso.com\/blog\/wp-content\/uploads\/2023\/06\/PenaidoEstetica-starting-at-500mxn-look-good-for-any-event-scaled.jpg 2560w, https:\/\/masajemilagroso.com\/blog\/wp-content\/uploads\/2023\/06\/PenaidoEstetica-starting-at-500mxn-look-good-for-any-event-300x200.jpg 300w, https:\/\/masajemilagroso.com\/blog\/wp-content\/uploads\/2023\/06\/PenaidoEstetica-starting-at-500mxn-look-good-for-any-event-1024x683.jpg 1024w, https:\/\/masajemilagroso.com\/blog\/wp-content\/uploads\/2023\/06\/PenaidoEstetica-starting-at-500mxn-look-good-for-any-event-768x512.jpg 768w, https:\/\/masajemilagroso.com\/blog\/wp-content\/uploads\/2023\/06\/PenaidoEstetica-starting-at-500mxn-look-good-for-any-event-1536x1024.jpg 1536w, https:\/\/masajemilagroso.com\/blog\/wp-content\/uploads\/2023\/06\/PenaidoEstetica-starting-at-500mxn-look-good-for-any-event-2048x1365.jpg 2048w\" sizes=\"(max-width: 2560px) 100vw, 2560px\" \/><\/a><\/figure>\n\n<div class=\"wp-block-post-excerpt\"><p class=\"wp-block-post-excerpt__excerpt\">Chop Shop es un Sal\u00f3n de Belleza en Tijuana El Sal\u00f3n de Belleza en Tijuana cerca de la Colonia Cacho tambi\u00e9n es una Salon de U\u00f1as en Tijuana y una Peluquer\u00eda en Tijuana. \u00a1Hoy escribamos una parte del men\u00fa de Chop Shop dedicada a los servicios de cabello! Peluquer\u00eda Chop Shop Chop Shop es el&hellip; <\/p><\/div>\n\n\n<hr class=\"wp-block-separator has-css-opacity\"\/>\n\n\n<div class=\"wp-block-post-date\"><time datetime=\"2023-06-24T08:58:15+00:00\">June 24, 2023<\/time><\/div>\n<\/li><li class=\"wp-block-post post-586 post type-post status-publish format-standard has-post-thumbnail hentry category-blog category-locations category-massages tag-masaje-tijuana tag-masajes-tijuana\">\n<h2 class=\"wp-block-post-title\"><a href=\"https:\/\/masajemilagroso.com\/blog\/masaje-spa-tijuana\/\" target=\"_self\" >Tijuana Spa para Masaje &#8211; Zona Rio y Playas de Tijuana<\/a><\/h2>\n\n<figure class=\"alignwide wp-block-post-featured-image\"><a href=\"https:\/\/masajemilagroso.com\/blog\/masaje-spa-tijuana\/\" target=\"_self\"  ><img decoding=\"async\" width=\"734\" height=\"734\" src=\"https:\/\/masajemilagroso.com\/blog\/wp-content\/uploads\/2023\/03\/MasajeRelajanteHombreMM.jpg\" class=\"attachment-post-thumbnail size-post-thumbnail wp-post-image\" alt=\"Tijuana Spa para Masaje &#8211; Zona Rio y Playas de Tijuana\" style=\"object-fit:cover;\" srcset=\"https:\/\/masajemilagroso.com\/blog\/wp-content\/uploads\/2023\/03\/MasajeRelajanteHombreMM.jpg 734w, https:\/\/masajemilagroso.com\/blog\/wp-content\/uploads\/2023\/03\/MasajeRelajanteHombreMM-300x300.jpg 300w, https:\/\/masajemilagroso.com\/blog\/wp-content\/uploads\/2023\/03\/MasajeRelajanteHombreMM-150x150.jpg 150w\" sizes=\"(max-width: 734px) 100vw, 734px\" \/><\/a><\/figure>\n\n<div class=\"wp-block-post-excerpt\"><p class=\"wp-block-post-excerpt__excerpt\">Si buscas masajes en Tijuana tiene muchas opciones. No tengas miedo porque Milagroso Masaje Spa tiene los mejores masajes en Tijuana. Spa Moderno para Masajes en Tijuana Tenemos spas nuevas. Nuestro spa de masajes en Zona Rio, y tambi\u00e9n spa de masajes Playas de Tijuana es #1 opci\u00f3n. Zona Rio Spa y Playas de Tijuana&hellip; <\/p><\/div>\n\n\n<hr class=\"wp-block-separator has-css-opacity\"\/>\n\n\n<div class=\"wp-block-post-date\"><time datetime=\"2023-03-17T09:44:36+00:00\">March 17, 2023<\/time><\/div>\n<\/li><li class=\"wp-block-post post-573 post type-post status-publish format-standard has-post-thumbnail hentry category-blog category-lifestyle category-locations tag-socio-de-belleza\">\n<h2 class=\"wp-block-post-title\"><a href=\"https:\/\/masajemilagroso.com\/blog\/socio-salon-de-belleza\/\" target=\"_self\" >Chop Shop Tijuana Salon de Belleza<\/a><\/h2>\n\n<figure class=\"alignwide wp-block-post-featured-image\"><a href=\"https:\/\/masajemilagroso.com\/blog\/socio-salon-de-belleza\/\" target=\"_self\"  ><img decoding=\"async\" width=\"5184\" height=\"3456\" src=\"https:\/\/masajemilagroso.com\/blog\/wp-content\/uploads\/2022\/11\/CHOP-SHOP-Agosto-60.jpg\" class=\"attachment-post-thumbnail size-post-thumbnail wp-post-image\" alt=\"Chop Shop Tijuana Salon de Belleza\" style=\"object-fit:cover;\" srcset=\"https:\/\/masajemilagroso.com\/blog\/wp-content\/uploads\/2022\/11\/CHOP-SHOP-Agosto-60.jpg 5184w, https:\/\/masajemilagroso.com\/blog\/wp-content\/uploads\/2022\/11\/CHOP-SHOP-Agosto-60-300x200.jpg 300w, https:\/\/masajemilagroso.com\/blog\/wp-content\/uploads\/2022\/11\/CHOP-SHOP-Agosto-60-768x512.jpg 768w, https:\/\/masajemilagroso.com\/blog\/wp-content\/uploads\/2022\/11\/CHOP-SHOP-Agosto-60-1024x683.jpg 1024w\" sizes=\"(max-width: 5184px) 100vw, 5184px\" \/><\/a><\/figure>\n\n<div class=\"wp-block-post-excerpt\"><p class=\"wp-block-post-excerpt__excerpt\">Salon De Belleza alta calidad en Tijuana <\/p><\/div>\n\n\n<hr class=\"wp-block-separator has-css-opacity\"\/>\n\n\n<div class=\"wp-block-post-date\"><time datetime=\"2022-11-15T06:03:29+00:00\">November 15, 2022<\/time><\/div>\n<\/li><\/ul><\/div>\n\n\n<ul class=\"wp-block-latest-posts__list wp-block-latest-posts\"><li><a class=\"wp-block-latest-posts__post-title\" href=\"https:\/\/masajemilagroso.com\/blog\/salon-de-belleza-en-tijuana\/\">Sal\u00f3n de Belleza en Tijuana<\/a><\/li>\n<li><a class=\"wp-block-latest-posts__post-title\" href=\"https:\/\/masajemilagroso.com\/blog\/masaje-spa-tijuana\/\">Tijuana Spa para Masaje &#8211; Zona Rio y Playas de Tijuana<\/a><\/li>\n<li><a class=\"wp-block-latest-posts__post-title\" href=\"https:\/\/masajemilagroso.com\/blog\/socio-salon-de-belleza\/\">Chop Shop Tijuana Salon de Belleza<\/a><\/li>\n<li><a class=\"wp-block-latest-posts__post-title\" href=\"https:\/\/masajemilagroso.com\/blog\/our-complexes-on-multivitamins-and-stress\/\">Nuestros complejos sobre los multivitam\u00ednicos y el estr\u00e9s.<\/a><\/li>\n<li><a class=\"wp-block-latest-posts__post-title\" href=\"https:\/\/masajemilagroso.com\/blog\/the-evolution-of-the-service-industry\/\">La evoluci\u00f3n de la industria de servicios<\/a><\/li>\n<\/ul>","protected":false},"excerpt":{"rendered":"","protected":false},"author":1,"featured_media":594,"parent":0,"menu_order":0,"comment_status":"closed","ping_status":"closed","template":"","meta":{"_uag_custom_page_level_css":"","site-sidebar-layout":"no-sidebar","site-content-layout":"page-builder","ast-site-content-layout":"","site-content-style":"default","site-sidebar-style":"default","ast-global-header-display":"","ast-banner-title-visibility":"","ast-main-header-display":"","ast-hfb-above-header-display":"","ast-hfb-below-header-display":"","ast-hfb-mobile-header-display":"","site-post-title":"disabled","ast-breadcrumbs-content":"","ast-featured-img":"disabled","footer-sml-layout":"","theme-transparent-header-meta":"enabled","adv-header-id-meta":"","stick-header-meta":"","header-above-stick-meta":"","header-main-stick-meta":"","header-below-stick-meta":"","astra-migrate-meta-layouts":"default","ast-page-background-enabled":"default","ast-page-background-meta":{"desktop":{"background-color":"var(--ast-global-color-4)","background-image":"","background-repeat":"repeat","background-position":"center center","background-size":"auto","background-attachment":"scroll","background-type":"","background-media":"","overlay-type":"","overlay-color":"","overlay-opacity":"","overlay-gradient":""},"tablet":{"background-color":"","background-image":"","background-repeat":"repeat","background-position":"center center","background-size":"auto","background-attachment":"scroll","background-type":"","background-media":"","overlay-type":"","overlay-color":"","overlay-opacity":"","overlay-gradient":""},"mobile":{"background-color":"","background-image":"","background-repeat":"repeat","background-position":"center center","background-size":"auto","background-attachment":"scroll","background-type":"","background-media":"","overlay-type":"","overlay-color":"","overlay-opacity":"","overlay-gradient":""}},"ast-content-background-meta":{"desktop":{"background-color":"var(--ast-global-color-5)","background-image":"","background-repeat":"repeat","background-position":"center center","background-size":"auto","background-attachment":"scroll","background-type":"","background-media":"","overlay-type":"","overlay-color":"","overlay-opacity":"","overlay-gradient":""},"tablet":{"background-color":"var(--ast-global-color-5)","background-image":"","background-repeat":"repeat","background-position":"center center","background-size":"auto","background-attachment":"scroll","background-type":"","background-media":"","overlay-type":"","overlay-color":"","overlay-opacity":"","overlay-gradient":""},"mobile":{"background-color":"var(--ast-global-color-5)","background-image":"","background-repeat":"repeat","background-position":"center center","background-size":"auto","background-attachment":"scroll","background-type":"","background-media":"","overlay-type":"","overlay-color":"","overlay-opacity":"","overlay-gradient":""}},"footnotes":""},"class_list":["post-273","page","type-page","status-publish","has-post-thumbnail","hentry"],"yoast_head":"<!-- This site is optimized with the Yoast SEO plugin v23.8 - https:\/\/yoast.com\/wordpress\/plugins\/seo\/ -->\n<title>Blog de Masaje Milagroso Spa en Tijuana - Milagroso Blog<\/title>\n<meta name=\"robots\" content=\"index, follow, max-snippet:-1, max-image-preview:large, max-video-preview:-1\" \/>\n<link rel=\"canonical\" href=\"https:\/\/masajemilagroso.com\/blog\/\" \/>\n<meta property=\"og:locale\" content=\"en_US\" \/>\n<meta property=\"og:type\" content=\"article\" \/>\n<meta property=\"og:title\" content=\"Blog de Masaje Milagroso Spa en Tijuana - Milagroso Blog\" \/>\n<meta property=\"og:url\" content=\"https:\/\/masajemilagroso.com\/blog\/\" \/>\n<meta property=\"og:site_name\" content=\"Milagroso Blog\" \/>\n<meta property=\"article:modified_time\" content=\"2023-06-25T06:29:29+00:00\" \/>\n<meta property=\"og:image\" content=\"https:\/\/masajemilagroso.com\/blog\/wp-content\/uploads\/2023\/03\/MasajeRelajanteHombreMM.jpg\" \/>\n\t<meta property=\"og:image:width\" content=\"734\" \/>\n\t<meta property=\"og:image:height\" content=\"734\" \/>\n\t<meta property=\"og:image:type\" content=\"image\/jpeg\" \/>\n<meta name=\"twitter:card\" content=\"summary_large_image\" \/>\n<script type=\"application\/ld+json\" class=\"yoast-schema-graph\">{\"@context\":\"https:\/\/schema.org\",\"@graph\":[{\"@type\":\"WebPage\",\"@id\":\"https:\/\/masajemilagroso.com\/blog\/\",\"url\":\"https:\/\/masajemilagroso.com\/blog\/\",\"name\":\"Blog de Masaje Milagroso Spa en Tijuana - Milagroso Blog\",\"isPartOf\":{\"@id\":\"http:\/\/masajemilagroso.com\/blog\/#website\"},\"primaryImageOfPage\":{\"@id\":\"https:\/\/masajemilagroso.com\/blog\/#primaryimage\"},\"image\":{\"@id\":\"https:\/\/masajemilagroso.com\/blog\/#primaryimage\"},\"thumbnailUrl\":\"https:\/\/masajemilagroso.com\/blog\/wp-content\/uploads\/2023\/03\/MasajeRelajanteHombreMM.jpg\",\"datePublished\":\"2019-01-21T06:13:59+00:00\",\"dateModified\":\"2023-06-25T06:29:29+00:00\",\"breadcrumb\":{\"@id\":\"https:\/\/masajemilagroso.com\/blog\/#breadcrumb\"},\"inLanguage\":\"en-US\",\"potentialAction\":[{\"@type\":\"ReadAction\",\"target\":[\"https:\/\/masajemilagroso.com\/blog\/\"]}]},{\"@type\":\"ImageObject\",\"inLanguage\":\"en-US\",\"@id\":\"https:\/\/masajemilagroso.com\/blog\/#primaryimage\",\"url\":\"https:\/\/masajemilagroso.com\/blog\/wp-content\/uploads\/2023\/03\/MasajeRelajanteHombreMM.jpg\",\"contentUrl\":\"https:\/\/masajemilagroso.com\/blog\/wp-content\/uploads\/2023\/03\/MasajeRelajanteHombreMM.jpg\",\"width\":734,\"height\":734,\"caption\":\"Masaje Tijuana\"},{\"@type\":\"BreadcrumbList\",\"@id\":\"https:\/\/masajemilagroso.com\/blog\/#breadcrumb\",\"itemListElement\":[{\"@type\":\"ListItem\",\"position\":1,\"name\":\"Home\",\"item\":\"https:\/\/masajemilagroso.com\/blog\/\"},{\"@type\":\"ListItem\",\"position\":2,\"name\":\"Blog de Masaje Milagroso Spa en Tijuana\"}]},{\"@type\":\"WebSite\",\"@id\":\"http:\/\/masajemilagroso.com\/blog\/#website\",\"url\":\"http:\/\/masajemilagroso.com\/blog\/\",\"name\":\"Milagroso Blog\",\"description\":\"Just another WordPress site\",\"publisher\":{\"@id\":\"http:\/\/masajemilagroso.com\/blog\/#organization\"},\"potentialAction\":[{\"@type\":\"SearchAction\",\"target\":{\"@type\":\"EntryPoint\",\"urlTemplate\":\"http:\/\/masajemilagroso.com\/blog\/?s={search_term_string}\"},\"query-input\":{\"@type\":\"PropertyValueSpecification\",\"valueRequired\":true,\"valueName\":\"search_term_string\"}}],\"inLanguage\":\"en-US\"},{\"@type\":\"Organization\",\"@id\":\"http:\/\/masajemilagroso.com\/blog\/#organization\",\"name\":\"Milagroso Blog\",\"url\":\"http:\/\/masajemilagroso.com\/blog\/\",\"logo\":{\"@type\":\"ImageObject\",\"inLanguage\":\"en-US\",\"@id\":\"http:\/\/masajemilagroso.com\/blog\/#\/schema\/logo\/image\/\",\"url\":\"https:\/\/masajemilagroso.com\/blog\/wp-content\/uploads\/2023\/06\/Display-mm.png\",\"contentUrl\":\"https:\/\/masajemilagroso.com\/blog\/wp-content\/uploads\/2023\/06\/Display-mm.png\",\"width\":972,\"height\":973,\"caption\":\"Milagroso Blog\"},\"image\":{\"@id\":\"http:\/\/masajemilagroso.com\/blog\/#\/schema\/logo\/image\/\"}}]}<\/script>\n<!-- \/ Yoast SEO plugin. -->","yoast_head_json":{"title":"Blog de Masaje Milagroso Spa en Tijuana - Milagroso Blog","robots":{"index":"index","follow":"follow","max-snippet":"max-snippet:-1","max-image-preview":"max-image-preview:large","max-video-preview":"max-video-preview:-1"},"canonical":"https:\/\/masajemilagroso.com\/blog\/","og_locale":"en_US","og_type":"article","og_title":"Blog de Masaje Milagroso Spa en Tijuana - Milagroso Blog","og_url":"https:\/\/masajemilagroso.com\/blog\/","og_site_name":"Milagroso Blog","article_modified_time":"2023-06-25T06:29:29+00:00","og_image":[{"width":734,"height":734,"url":"https:\/\/masajemilagroso.com\/blog\/wp-content\/uploads\/2023\/03\/MasajeRelajanteHombreMM.jpg","type":"image\/jpeg"}],"twitter_card":"summary_large_image","schema":{"@context":"https:\/\/schema.org","@graph":[{"@type":"WebPage","@id":"https:\/\/masajemilagroso.com\/blog\/","url":"https:\/\/masajemilagroso.com\/blog\/","name":"Blog de Masaje Milagroso Spa en Tijuana - Milagroso Blog","isPartOf":{"@id":"http:\/\/masajemilagroso.com\/blog\/#website"},"primaryImageOfPage":{"@id":"https:\/\/masajemilagroso.com\/blog\/#primaryimage"},"image":{"@id":"https:\/\/masajemilagroso.com\/blog\/#primaryimage"},"thumbnailUrl":"https:\/\/masajemilagroso.com\/blog\/wp-content\/uploads\/2023\/03\/MasajeRelajanteHombreMM.jpg","datePublished":"2019-01-21T06:13:59+00:00","dateModified":"2023-06-25T06:29:29+00:00","breadcrumb":{"@id":"https:\/\/masajemilagroso.com\/blog\/#breadcrumb"},"inLanguage":"en-US","potentialAction":[{"@type":"ReadAction","target":["https:\/\/masajemilagroso.com\/blog\/"]}]},{"@type":"ImageObject","inLanguage":"en-US","@id":"https:\/\/masajemilagroso.com\/blog\/#primaryimage","url":"https:\/\/masajemilagroso.com\/blog\/wp-content\/uploads\/2023\/03\/MasajeRelajanteHombreMM.jpg","contentUrl":"https:\/\/masajemilagroso.com\/blog\/wp-content\/uploads\/2023\/03\/MasajeRelajanteHombreMM.jpg","width":734,"height":734,"caption":"Masaje Tijuana"},{"@type":"BreadcrumbList","@id":"https:\/\/masajemilagroso.com\/blog\/#breadcrumb","itemListElement":[{"@type":"ListItem","position":1,"name":"Home","item":"https:\/\/masajemilagroso.com\/blog\/"},{"@type":"ListItem","position":2,"name":"Blog de Masaje Milagroso Spa en Tijuana"}]},{"@type":"WebSite","@id":"http:\/\/masajemilagroso.com\/blog\/#website","url":"http:\/\/masajemilagroso.com\/blog\/","name":"Milagroso Blog","description":"Just another WordPress site","publisher":{"@id":"http:\/\/masajemilagroso.com\/blog\/#organization"},"potentialAction":[{"@type":"SearchAction","target":{"@type":"EntryPoint","urlTemplate":"http:\/\/masajemilagroso.com\/blog\/?s={search_term_string}"},"query-input":{"@type":"PropertyValueSpecification","valueRequired":true,"valueName":"search_term_string"}}],"inLanguage":"en-US"},{"@type":"Organization","@id":"http:\/\/masajemilagroso.com\/blog\/#organization","name":"Milagroso Blog","url":"http:\/\/masajemilagroso.com\/blog\/","logo":{"@type":"ImageObject","inLanguage":"en-US","@id":"http:\/\/masajemilagroso.com\/blog\/#\/schema\/logo\/image\/","url":"https:\/\/masajemilagroso.com\/blog\/wp-content\/uploads\/2023\/06\/Display-mm.png","contentUrl":"https:\/\/masajemilagroso.com\/blog\/wp-content\/uploads\/2023\/06\/Display-mm.png","width":972,"height":973,"caption":"Milagroso Blog"},"image":{"@id":"http:\/\/masajemilagroso.com\/blog\/#\/schema\/logo\/image\/"}}]}},"uagb_featured_image_src":{"full":["https:\/\/masajemilagroso.com\/blog\/wp-content\/uploads\/2023\/03\/MasajeRelajanteHombreMM.jpg",734,734,false],"thumbnail":["https:\/\/masajemilagroso.com\/blog\/wp-content\/uploads\/2023\/03\/MasajeRelajanteHombreMM-150x150.jpg",150,150,true],"medium":["https:\/\/masajemilagroso.com\/blog\/wp-content\/uploads\/2023\/03\/MasajeRelajanteHombreMM-300x300.jpg",300,300,true],"medium_large":["https:\/\/masajemilagroso.com\/blog\/wp-content\/uploads\/2023\/03\/MasajeRelajanteHombreMM.jpg",734,734,false],"large":["https:\/\/masajemilagroso.com\/blog\/wp-content\/uploads\/2023\/03\/MasajeRelajanteHombreMM.jpg",734,734,false],"1536x1536":["https:\/\/masajemilagroso.com\/blog\/wp-content\/uploads\/2023\/03\/MasajeRelajanteHombreMM.jpg",734,734,false],"2048x2048":["https:\/\/masajemilagroso.com\/blog\/wp-content\/uploads\/2023\/03\/MasajeRelajanteHombreMM.jpg",734,734,false]},"uagb_author_info":{"display_name":"devMark","author_link":"https:\/\/masajemilagroso.com\/blog\/author\/devmark\/"},"uagb_comment_info":0,"uagb_excerpt":null,"_links":{"self":[{"href":"https:\/\/masajemilagroso.com\/blog\/wp-json\/wp\/v2\/pages\/273"}],"collection":[{"href":"https:\/\/masajemilagroso.com\/blog\/wp-json\/wp\/v2\/pages"}],"about":[{"href":"https:\/\/masajemilagroso.com\/blog\/wp-json\/wp\/v2\/types\/page"}],"author":[{"embeddable":true,"href":"https:\/\/masajemilagroso.com\/blog\/wp-json\/wp\/v2\/users\/1"}],"replies":[{"embeddable":true,"href":"https:\/\/masajemilagroso.com\/blog\/wp-json\/wp\/v2\/comments?post=273"}],"version-history":[{"count":12,"href":"https:\/\/masajemilagroso.com\/blog\/wp-json\/wp\/v2\/pages\/273\/revisions"}],"predecessor-version":[{"id":1322,"href":"https:\/\/masajemilagroso.com\/blog\/wp-json\/wp\/v2\/pages\/273\/revisions\/1322"}],"wp:featuredmedia":[{"embeddable":true,"href":"https:\/\/masajemilagroso.com\/blog\/wp-json\/wp\/v2\/media\/594"}],"wp:attachment":[{"href":"https:\/\/masajemilagroso.com\/blog\/wp-json\/wp\/v2\/media?parent=273"}],"curies":[{"name":"wp","href":"https:\/\/api.w.org\/{rel}","templated":true}]}}